{"id":206,"date":"2022-05-20T18:05:28","date_gmt":"2022-05-20T18:05:28","guid":{"rendered":"http:\/\/no-longer.de\/?page_id=206"},"modified":"2023-01-02T22:32:13","modified_gmt":"2023-01-02T20:32:13","slug":"rezepte","status":"publish","type":"page","link":"https:\/\/no-longer.de\/?page_id=206","title":{"rendered":"Rezepte"},"content":{"rendered":"\n<p>Ich werde hier bald einige Rezepte ver\u00f6ffentlichen. Am Anfang der Umstellung kann man sich n\u00e4mlich kaum vorstellen wie man sich von nun an ern\u00e4hren soll. Bis ich Zeit daf\u00fcr hab<span style=\"font-size: inherit; color: var(--text-color);\">e, hier schonmal folgende Links von Seiten, die entsprechend konforme Rezepte ver\u00f6ffentlicht haben. Unterst\u00fctzt die Leute gerne!<\/span><\/p>\n\n\n\n<p><a rel=\"noreferrer noopener\" href=\"https:\/\/my-body-and-me.de\/rezepte-nach-anthony-william\/\" target=\"_blank\">https:\/\/my-body-and-me.de\/rezepte-nach-anthony-william\/<\/a><\/p>\n\n\n\n<p><a rel=\"noreferrer noopener\" href=\"http:\/\/konforme-rezepte.de\" data-type=\"page\" target=\"_blank\">konforme-rezepte.de<\/a><\/p>\n\n\n\n<p><a href=\"https:\/\/www.heiledichjetzt.com\/rezepte\/\">https:\/\/www.heiledichjetzt.com\/rezepte\/<\/a><\/p>\n\n\n\n<p>Dieses folgende Rezept ist der Schwermetall-Entgiftungs-Smoothie. Es empfiehlt sich eine mindestens 3 monatige Kur damit zu machen. <\/p>\n\n\n\n<p><a rel=\"noreferrer noopener\" href=\"https:\/\/www.kochenohne.de\/rezept\/heavy-metal-detox-smoothie-nach-anthony-william\/\" target=\"_blank\">https:\/\/www.kochenohne.de\/rezept\/heavy-metal-detox-smoothie-nach-anthony-william<\/a><\/p>\n\n\n\n<p>und unter medicalmedium.com findet ihr von William selbst auch viele Rezepte und Blogeintr\u00e4ge auf englisch.<\/p>\n\n\n\n<p>Hier nun meine ersten Rezepte:<\/p>\n\n\n\n<h2>Chaga-Latte<\/h2>\n\n\n\n\n\n<p>Beste Milch zum Aufsch\u00e4umen ist die Erbsenbarista aus dem dm. Unschlagbar!<\/p>\n","protected":false},"excerpt":{"rendered":"<p>Ich werde hier bald einige Rezepte ver\u00f6ffentlichen. Am Anfang der Umstellung kann man sich n\u00e4mlich kaum vorstellen wie man sich von nun an ern\u00e4hren soll. [&#8230;]<\/p>\n","protected":false},"author":1,"featured_media":0,"parent":0,"menu_order":0,"comment_status":"closed","ping_status":"closed","template":"","meta":[],"_links":{"self":[{"href":"https:\/\/no-longer.de\/index.php?rest_route=\/wp\/v2\/pages\/206"}],"collection":[{"href":"https:\/\/no-longer.de\/index.php?rest_route=\/wp\/v2\/pages"}],"about":[{"href":"https:\/\/no-longer.de\/index.php?rest_route=\/wp\/v2\/types\/page"}],"author":[{"embeddable":true,"href":"https:\/\/no-longer.de\/index.php?rest_route=\/wp\/v2\/users\/1"}],"replies":[{"embeddable":true,"href":"https:\/\/no-longer.de\/index.php?rest_route=%2Fwp%2Fv2%2Fcomments&post=206"}],"version-history":[{"count":14,"href":"https:\/\/no-longer.de\/index.php?rest_route=\/wp\/v2\/pages\/206\/revisions"}],"predecessor-version":[{"id":469,"href":"https:\/\/no-longer.de\/index.php?rest_route=\/wp\/v2\/pages\/206\/revisions\/469"}],"wp:attachment":[{"href":"https:\/\/no-longer.de\/index.php?rest_route=%2Fwp%2Fv2%2Fmedia&parent=206"}],"curies":[{"name":"wp","href":"https:\/\/api.w.org\/{rel}","templated":true}]}}