{"id":209,"date":"2022-05-20T19:56:05","date_gmt":"2022-05-20T19:56:05","guid":{"rendered":"http:\/\/no-longer.de\/?page_id=209"},"modified":"2022-11-12T11:52:19","modified_gmt":"2022-11-12T09:52:19","slug":"hilfsmittel","status":"publish","type":"page","link":"https:\/\/no-longer.de\/?page_id=209","title":{"rendered":"Hilfsmittel"},"content":{"rendered":"\n<p><strong>Entsafter<\/strong><\/p>\n\n\n\n<p>Erstmal brauchst Du einen Entsafter. Ich habe einen Reiseentsafter den findest Du hier <a rel=\"noreferrer noopener\" href=\"https:\/\/www.lidl.de\/p\/philips-fruchtentsafter-viva-collection-hr1832-00\/p100340743\" target=\"_blank\">https:\/\/www.lidl.de\/p\/philips-fruchtentsafter-viva-collection-hr1832-00\/p100340743<\/a><\/p>\n\n\n\n<p>Dann habe ich noch einen gro\u00dfen Zentrifugen Entsafter von Philips den findest du hier <a href=\"https:\/\/www.ebay.de\/itm\/224107959386\" target=\"_blank\" rel=\"noreferrer noopener\">https:\/\/www.ebay.de\/itm\/224107959386<\/a><\/p>\n\n\n\n<p>Es gibt viele Leute, die raten zu Slow Juicern. Die haben bestimmt auch den qualitativ besseren Saft. Aber sie sind halt slow. Und morgens habe ich keinen Bock auf slow sondern auf zack Stangensellerie in die \u00d6ffnung und njaaaaun Saft fertig in 5 Sekunden. Wer Zeit hat kann sich gerne einen von unz\u00e4hligen Slow Juicern kaufen. Da kann man auch ne Religion draus machen und ordentlich Geld versenken. Ist aber halt nicht notwendig. <\/p>\n\n\n\n<p><strong>Hochleistungsmixer<\/strong><\/p>\n\n\n\n<p>Ebenso kann man beim Mixer hunderte von Euronen versenken. Die hei\u00dfen dann Vitamix und sind auch toll aber meiner ist genauso toll und kostet ein Zehntel. Wichtig ist dass er Power hat, Eis klein macht und Spinat und alles Gr\u00fcne so klein macht dass es halt smooth wird und man es gut trinken kann. Au\u00dferdem wird so das Chlorophyll besser freigesetzt. Das k\u00f6nnen die Alditeile in der Regel nicht. Ich habe von Klarstein den Herakles 3G. Den gibt es nicht mehr. Von daher sucht nach was vergleichbarem. Sollte 1,5 &#8211; 2KW haben und mindestens 32000 Umdrehungen pro Minute.<\/p>\n\n\n\n<p><a href=\"https:\/\/www.kaufland.de\/product\/342637377\/\" data-type=\"URL\" data-id=\"https:\/\/www.kaufland.de\/product\/342637377\/\" target=\"_blank\" rel=\"noreferrer noopener\">https:\/\/www.kaufland.de\/product\/342637377\/<\/a><\/p>\n\n\n\n<p>Sonst braucht man nicht viel. Im Lidl und andern M\u00e4rkten gibt&#8217;s Biogurken, Bio Staudensellerie und Biozitronen, Orangen, Babyspinat, Rucola, S\u00fc\u00dfkartoffeln, Koriander und so weiter. Es gibt sogar Kokosjoghurt.<\/p>\n\n\n\n<p><\/p>\n\n\n\n<p><strong>Wilde Heidelbeeren<\/strong> gibt&#8217;s gefriergetrocknete hier: <a href=\"https:\/\/www.korodrogerie.de\/gefriergetrocknete-wildheidelbeeren-500-g\" target=\"_blank\" rel=\"noreferrer noopener\">https:\/\/www.korodrogerie.de\/gefriergetrocknete-wildheidelbeeren-500-g<\/a><\/p>\n\n\n\n<p>Die <strong>Supplements<\/strong> gibt&#8217;s bei eBay oder auch im Dm teilweise. Wer sich die teureren leisten kann, kann die von AW empfohlene Firma vimergy bei Supplementa.nl bestellen. Da wird man aber arm dr\u00fcber. Wichtig ist eigentlich nur, dass die Mittel ohne Zus\u00e4tze sind, also ohne Magnesiumstearat und Siliciumdioxid und solchem Quatsch. Die Kapseln sollten aus HPMC sein. <\/p>\n\n\n\n<p><strong>Spirulina<\/strong> kaufe ich hier, da die aus Hawaii ganz besonders rein und gut sind. Schaut sich nach dem gleichen Produkt bei eBay oder woanders. Der g\u00fcnstigste Preis sollte ca 49 Euro sein. <a rel=\"noreferrer noopener\" href=\"https:\/\/www.amazon.de\/Spirulina-Tabletten-Vitamin-nat%C3%BCrlich-versandkostenfrei\/dp\/B00DB24IZ2\/ref=mp_s_a_1_5?m=A21Q8ZA0JZPWX2&amp;qid=1653076332&amp;s=merchant-items&amp;sr=1-5\" target=\"_blank\">https:\/\/www.amazon.de\/Spirulina-Tabletten-Vitamin-nat%C3%BCrlich-versandkostenfrei\/dp\/B00DB24IZ2\/ref=mp_s_a_1_5?m=A21Q8ZA0JZPWX2&amp;qid=1653076332&amp;s=merchant-items&amp;sr=1-5<\/a><\/p>\n\n\n\n<p>G\u00fcnstiges Gerstengrassaftpulver f\u00fcr den Schwermetall Detox Smoothie gibt&#8217;s hier:<\/p>\n\n\n\n<p><a href=\"https:\/\/www.shop-apotheke.com\/fitness\/BE03091980\/biotona-bio-gerstengrasssaft-pulver.htm\">https:\/\/www.shop-apotheke.com\/fitness\/BE03091980\/biotona-bio-gerstengrasssaft-pulver.htm<\/a><\/p>\n\n\n\n<p>und noch Dulseflocken ebenfalls f\u00fcr den Smoothie gibt&#8217;s hier <a href=\"https:\/\/www.biokontor.de\/superfood\/algen\/dulse-flocken-kaufen-100-g\">https:\/\/www.biokontor.de\/superfood\/algen\/dulse-flocken-kaufen-100-g<\/a><\/p>\n\n\n\n<figure class=\"wp-block-image size-large\"><img decoding=\"async\" loading=\"lazy\" width=\"768\" height=\"1024\" src=\"https:\/\/no-longer.de\/wp-content\/uploads\/2022\/11\/16682466617347925051174505596634-768x1024.jpg\" alt=\"\" class=\"wp-image-449\" srcset=\"https:\/\/no-longer.de\/wp-content\/uploads\/2022\/11\/16682466617347925051174505596634-768x1024.jpg 768w, https:\/\/no-longer.de\/wp-content\/uploads\/2022\/11\/16682466617347925051174505596634-225x300.jpg 225w, https:\/\/no-longer.de\/wp-content\/uploads\/2022\/11\/16682466617347925051174505596634-1152x1536.jpg 1152w, https:\/\/no-longer.de\/wp-content\/uploads\/2022\/11\/16682466617347925051174505596634-1536x2048.jpg 1536w, https:\/\/no-longer.de\/wp-content\/uploads\/2022\/11\/16682466617347925051174505596634-scaled.jpg 1920w\" sizes=\"(max-width: 768px) 100vw, 768px\" \/><figcaption class=\"wp-element-caption\">Dieses glutenfreie Hafermilchpulver benutze ich da mit die T\u00fctenschlepperei auf den Nerv geht.<\/figcaption><\/figure>\n\n\n\n<p><\/p>\n\n\n\n<p>Ihr findet eigentlich alles irgendwo&#8230;viel Spa\u00df beim suchen &#x1f92a;<\/p>\n","protected":false},"excerpt":{"rendered":"<p>Entsafter Erstmal brauchst Du einen Entsafter. Ich habe einen Reiseentsafter den findest Du hier https:\/\/www.lidl.de\/p\/philips-fruchtentsafter-viva-collection-hr1832-00\/p100340743 Dann habe ich noch einen gro\u00dfen Zentrifugen Entsafter von Philips [&#8230;]<\/p>\n","protected":false},"author":1,"featured_media":0,"parent":0,"menu_order":0,"comment_status":"closed","ping_status":"closed","template":"","meta":[],"_links":{"self":[{"href":"https:\/\/no-longer.de\/index.php?rest_route=\/wp\/v2\/pages\/209"}],"collection":[{"href":"https:\/\/no-longer.de\/index.php?rest_route=\/wp\/v2\/pages"}],"about":[{"href":"https:\/\/no-longer.de\/index.php?rest_route=\/wp\/v2\/types\/page"}],"author":[{"embeddable":true,"href":"https:\/\/no-longer.de\/index.php?rest_route=\/wp\/v2\/users\/1"}],"replies":[{"embeddable":true,"href":"https:\/\/no-longer.de\/index.php?rest_route=%2Fwp%2Fv2%2Fcomments&post=209"}],"version-history":[{"count":7,"href":"https:\/\/no-longer.de\/index.php?rest_route=\/wp\/v2\/pages\/209\/revisions"}],"predecessor-version":[{"id":451,"href":"https:\/\/no-longer.de\/index.php?rest_route=\/wp\/v2\/pages\/209\/revisions\/451"}],"wp:attachment":[{"href":"https:\/\/no-longer.de\/index.php?rest_route=%2Fwp%2Fv2%2Fmedia&parent=209"}],"curies":[{"name":"wp","href":"https:\/\/api.w.org\/{rel}","templated":true}]}}