{"id":219,"date":"2022-05-21T06:11:14","date_gmt":"2022-05-21T06:11:14","guid":{"rendered":"http:\/\/no-longer.de\/?page_id=219"},"modified":"2022-05-22T17:32:32","modified_gmt":"2022-05-22T17:32:32","slug":"medikamemte","status":"publish","type":"page","link":"https:\/\/no-longer.de\/?page_id=219","title":{"rendered":"Medikamente"},"content":{"rendered":"\n<p>Es gibt einige nat\u00fcrliche Medikamente, die ich zus\u00e4tzlich noch genommen habe. Zwei Gruppen m\u00f6chte ich n\u00e4her erl\u00e4utern. Zum einen die<\/p>\n\n\n\n<p><strong>Spagyrik<\/strong> nach Alexander von Bernus von der Firma Soluna. <strong>Die Solunate<\/strong>. Hier ganz konkret <strong>Nummer 2 Aquavit<\/strong>, es half mir bei der Regeneration, besteht aus vielen belebenden Kr\u00e4utern und ist ein starkes Tonikum. Dann <strong>Nr.14 Polypathik<\/strong> es beruhigte meine gestressten Nerven und sorgte f\u00fcr erholsamen Schlaf, als dieser gest\u00f6rt war.<\/p>\n\n\n\n<p>Dann noch die Kombi aus 8,9 und 16. Sie hat meine Organe bei der Entgiftung unterst\u00fctzt. Und zu guter Letzt <strong>Nummer 3 Azinat<\/strong> hat mein aufgeregtes Immunsystem beruhigt.<\/p>\n\n\n\n<p>Erw\u00e4hnen m\u00f6chte ich noch das Buch <strong>&#8218;Die chinesische Hausapotheke<\/strong> &#8218; von Georg Weidinger. Dort finden sich Kr\u00e4utermischungen, die bei chronischen Erkrankungen in der TCM eingesetzt werden. Da haben mir &#8218;<strong>Free and easy<\/strong>&#8218; und &#8218;<strong>Heber der Mitte<\/strong>&#8218; geholfen. Das Buch lohnt sich zu kaufen. Es kostet nur 10 Euro und erkl\u00e4rt unsere Beschwerden aus Sicht der TCM. Die g\u00fcnstigsten (leider immer noch sehr teuren) Mischungen gibt es bei <a rel=\"noreferrer noopener\" href=\"http:\/\/www.greenharris.de\" target=\"_blank\">http:\/\/www.greenharris.de<\/a><\/p>\n\n\n\n<p>Nicht unerw\u00e4hnt lassen m\u00f6chte die die Hom\u00f6opathie. Ein guter Arzt hat mich hier ebenfalls begleitet und alle paar Monate ein passendes Mittel verordnet, welches mir dann auch immer wieder geholfen hat. Da braucht man aber einen Arzt, der die Mittel ausw\u00e4hlt.<\/p>\n","protected":false},"excerpt":{"rendered":"<p>Es gibt einige nat\u00fcrliche Medikamente, die ich zus\u00e4tzlich noch genommen habe. Zwei Gruppen m\u00f6chte ich n\u00e4her erl\u00e4utern. Zum einen die Spagyrik nach Alexander von Bernus [&#8230;]<\/p>\n","protected":false},"author":1,"featured_media":0,"parent":0,"menu_order":0,"comment_status":"closed","ping_status":"closed","template":"","meta":[],"_links":{"self":[{"href":"https:\/\/no-longer.de\/index.php?rest_route=\/wp\/v2\/pages\/219"}],"collection":[{"href":"https:\/\/no-longer.de\/index.php?rest_route=\/wp\/v2\/pages"}],"about":[{"href":"https:\/\/no-longer.de\/index.php?rest_route=\/wp\/v2\/types\/page"}],"author":[{"embeddable":true,"href":"https:\/\/no-longer.de\/index.php?rest_route=\/wp\/v2\/users\/1"}],"replies":[{"embeddable":true,"href":"https:\/\/no-longer.de\/index.php?rest_route=%2Fwp%2Fv2%2Fcomments&post=219"}],"version-history":[{"count":4,"href":"https:\/\/no-longer.de\/index.php?rest_route=\/wp\/v2\/pages\/219\/revisions"}],"predecessor-version":[{"id":233,"href":"https:\/\/no-longer.de\/index.php?rest_route=\/wp\/v2\/pages\/219\/revisions\/233"}],"wp:attachment":[{"href":"https:\/\/no-longer.de\/index.php?rest_route=%2Fwp%2Fv2%2Fmedia&parent=219"}],"curies":[{"name":"wp","href":"https:\/\/api.w.org\/{rel}","templated":true}]}}