{"id":313,"date":"2022-10-14T08:14:25","date_gmt":"2022-10-14T08:14:25","guid":{"rendered":"http:\/\/no-longer.de\/?page_id=313"},"modified":"2024-07-10T19:48:59","modified_gmt":"2024-07-10T17:48:59","slug":"schwermetallentgiftung","status":"publish","type":"page","link":"https:\/\/no-longer.de\/?page_id=313","title":{"rendered":"Schwermetallentgiftung"},"content":{"rendered":"\n<figure class=\"wp-block-image size-large is-resized\"><img decoding=\"async\" loading=\"lazy\" src=\"https:\/\/no-longer.de\/wp-content\/uploads\/2022\/10\/blueberries-g4252b3896_1920-1024x629.jpg\" alt=\"\" class=\"wp-image-315\" width=\"599\" height=\"367\" srcset=\"https:\/\/no-longer.de\/wp-content\/uploads\/2022\/10\/blueberries-g4252b3896_1920-1024x629.jpg 1024w, https:\/\/no-longer.de\/wp-content\/uploads\/2022\/10\/blueberries-g4252b3896_1920-300x184.jpg 300w, https:\/\/no-longer.de\/wp-content\/uploads\/2022\/10\/blueberries-g4252b3896_1920-768x472.jpg 768w, https:\/\/no-longer.de\/wp-content\/uploads\/2022\/10\/blueberries-g4252b3896_1920-1536x944.jpg 1536w, https:\/\/no-longer.de\/wp-content\/uploads\/2022\/10\/blueberries-g4252b3896_1920.jpg 1920w\" sizes=\"(max-width: 599px) 100vw, 599px\" \/><\/figure>\n\n\n\n<p>Wir alle haben leider Gifte und Schwermetalle in unserem K\u00f6rper, die ebenfalls f\u00fcr allerlei Gesundheitsst\u00f6rungen verantwortlich sind. Ackergifte, Auspuffgase, Essensverpackung, Deos usw. enthalten sie.<div>Diese Metalle und Gifte blockieren und behindern die Genesung und wir sollten alles tun, um sie herauszubef\u00f6rdern. Anthony William hat dazu den Heavy Metal Detox Smoothie entworfen, dessen Inhaltsstoffe synergistisch wirken und gemeinsam die Metalle mobilisieren (auch im Gehirn), aufnehmen und einschlie\u00dfen k\u00f6nnen. Dieser Smoothie besteht aus:<\/div><\/p>\n\n\n\n<p>2 Bananen<\/p>\n\n\n\n<p>1 TL Gerstengras<strong>saft<\/strong>pulver<\/p>\n\n\n\n<p>1 TL Spirulina<\/p>\n\n\n\n<p>Saft von 1 Orange<\/p>\n\n\n\n<p>1 EL Dulseflocken<\/p>\n\n\n\n<p>eine Handvoll frischem Koriander (gibts im Lidl\/Rewe usw. oder ihr zieht ihn selber)<\/p>\n\n\n\n<p>und einer gro\u00dfen (2 Cups) Portion <strong>wilder<\/strong> <strong>(!)<\/strong> Blaubeeren (frisch, gefroren oder gefriergetrocknet). Sie sollten aus Kanada oder Maine kommen, um die beste Wirkung zu entfalten. Im Edeka gibt es gefrorene wilde kanadische Wildheidelbeeren.<\/p>\n\n\n\n<figure class=\"wp-block-image size-full\"><img decoding=\"async\" loading=\"lazy\" width=\"990\" height=\"990\" src=\"https:\/\/no-longer.de\/wp-content\/uploads\/2024\/01\/1000031103.png\" alt=\"\" class=\"wp-image-531\" srcset=\"https:\/\/no-longer.de\/wp-content\/uploads\/2024\/01\/1000031103.png 990w, https:\/\/no-longer.de\/wp-content\/uploads\/2024\/01\/1000031103-300x300.png 300w, https:\/\/no-longer.de\/wp-content\/uploads\/2024\/01\/1000031103-150x150.png 150w, https:\/\/no-longer.de\/wp-content\/uploads\/2024\/01\/1000031103-768x768.png 768w, https:\/\/no-longer.de\/wp-content\/uploads\/2024\/01\/1000031103-400x400.png 400w\" sizes=\"(max-width: 990px) 100vw, 990px\" \/><\/figure>\n\n\n\n<p>Die einzelnen Zutaten findet ihr <a href=\"https:\/\/no-longer.de\/?page_id=70\">hier<\/a> in meiner Supplements Kategorie.<\/p>\n\n\n\n<p>Die Zutaten alle in den Mixer und mit etwas Wasser mixen. T\u00e4glich zu sich nehmen. Gern mit kleinen Portionen anfangen und langsam steigern. \u00dcber den Tag mindesten. 1,8 &#8211; 2 Liter Wasser oder Zitronenwasser trinken um auszuschwemmen.<\/p>\n\n\n\n<p>Dauer der Ma\u00dfnahme: Mindestens 3 Monate je nach Schwere dauert es auch l\u00e4nger.  Ein gutes Buch ist das &#8222;Brain Saver Protocols&#8220; von Anthony William. welches im April 23 auch in deutsch verf\u00fcgbar sein wird. Wer nicht warten kann, kann sich auch &#8222;Heile dich selbst&#8220; kaufen. Dort sind genaue Anleitungen und Entgiftungskuren zu den jeweiligen Symptome beschrieben.<\/p>\n\n\n\n<p>TIPP: Ohne Spirulinapulver schmeckt dieser Smoothie richtig lecker. Mit leider nicht, daher habe ich mir Spirulina-Presslinge gekauft, die ich zu dem Smoothie einfach dazu einnehme. Ich habe einen gro\u00dfen verschlie\u00dfbaren Smoothiebecher, den ich zur Arbeit mitnehmen kann. So ist dieser Smoothie nach dem Selleriesaft ein leckeres nahrhaftes Fr\u00fchst\u00fcck.<\/p>\n\n\n\n<p>Meine Konzentration wurde nach ca. 4 Wochen noch einmal deutlich besser! <\/p>\n","protected":false},"excerpt":{"rendered":"<p>Wir alle haben leider Gifte und Schwermetalle in unserem K\u00f6rper, die ebenfalls f\u00fcr allerlei Gesundheitsst\u00f6rungen verantwortlich sind. Ackergifte, Auspuffgase, Essensverpackung, Deos usw. enthalten sie. Diese [&#8230;]<\/p>\n","protected":false},"author":1,"featured_media":0,"parent":0,"menu_order":0,"comment_status":"closed","ping_status":"closed","template":"","meta":[],"_links":{"self":[{"href":"https:\/\/no-longer.de\/index.php?rest_route=\/wp\/v2\/pages\/313"}],"collection":[{"href":"https:\/\/no-longer.de\/index.php?rest_route=\/wp\/v2\/pages"}],"about":[{"href":"https:\/\/no-longer.de\/index.php?rest_route=\/wp\/v2\/types\/page"}],"author":[{"embeddable":true,"href":"https:\/\/no-longer.de\/index.php?rest_route=\/wp\/v2\/users\/1"}],"replies":[{"embeddable":true,"href":"https:\/\/no-longer.de\/index.php?rest_route=%2Fwp%2Fv2%2Fcomments&post=313"}],"version-history":[{"count":16,"href":"https:\/\/no-longer.de\/index.php?rest_route=\/wp\/v2\/pages\/313\/revisions"}],"predecessor-version":[{"id":540,"href":"https:\/\/no-longer.de\/index.php?rest_route=\/wp\/v2\/pages\/313\/revisions\/540"}],"wp:attachment":[{"href":"https:\/\/no-longer.de\/index.php?rest_route=%2Fwp%2Fv2%2Fmedia&parent=313"}],"curies":[{"name":"wp","href":"https:\/\/api.w.org\/{rel}","templated":true}]}}