{"id":59,"date":"2021-08-05T06:28:56","date_gmt":"2021-08-05T06:28:56","guid":{"rendered":"http:\/\/no-longer.de\/?page_id=59"},"modified":"2021-08-07T09:47:28","modified_gmt":"2021-08-07T09:47:28","slug":"warum-glutenfrei-usw","status":"publish","type":"page","link":"https:\/\/no-longer.de\/?page_id=59","title":{"rendered":"Warum glutenfrei usw."},"content":{"rendered":"\n<figure class=\"wp-block-image size-large\"><img decoding=\"async\" loading=\"lazy\" width=\"1024\" height=\"1024\" src=\"https:\/\/no-longer.de\/wp-content\/uploads\/2021\/08\/wheat-995055_1280-1024x1024.png\" alt=\"\" class=\"wp-image-145\" srcset=\"https:\/\/no-longer.de\/wp-content\/uploads\/2021\/08\/wheat-995055_1280-1024x1024.png 1024w, https:\/\/no-longer.de\/wp-content\/uploads\/2021\/08\/wheat-995055_1280-300x300.png 300w, https:\/\/no-longer.de\/wp-content\/uploads\/2021\/08\/wheat-995055_1280-150x150.png 150w, https:\/\/no-longer.de\/wp-content\/uploads\/2021\/08\/wheat-995055_1280-768x768.png 768w, https:\/\/no-longer.de\/wp-content\/uploads\/2021\/08\/wheat-995055_1280-400x400.png 400w, https:\/\/no-longer.de\/wp-content\/uploads\/2021\/08\/wheat-995055_1280.png 1280w\" sizes=\"(max-width: 1024px) 100vw, 1024px\" \/><\/figure>\n\n\n\n<p>hier erkl\u00e4re ich, warum glutenfrei, ohne Ei und so weiter.<\/p>\n\n\n\n<p>Ich habe die Erfahrung gemacht, dass mein Hashimoto, meine Darmprobleme und mein Hirnnebel besser wurden, wenn ich kein Gluten gegessen habe. Hier sind sich Experten aller Fachrichtungen mittlerweile einig. Gluten schadet im Genesungsprozess. Schaut was Dr. Dahlke , Dr. Georg Weidinger dazu sagt. Anthony William sagt es f\u00fcttert die Viren und die schlechten Bakterien. M\u00f6glich dass sie alle recht haben. Ich lasse es weg und es funktionierte. <\/p>\n\n\n\n<p>Bitte lauft jetzt nicht los und kauft euch den *hust* gleichen Dreck von Sch*r oder sonstige konventionell angebauten Maisprodukte die als glutenfrei im Regal liegen. Die taugen nix.<\/p>\n\n\n\n<p>Es gibt mittlerweile tolle Reisnudeln und M\u00fcslimischungen ohne Mais. Alles Bio. DM hat sein Sortiment gerade toll erweitert.Aber im gro\u00dfen und ganzen sollte die Devise sein: Gem\u00fcse und Kartoffeln statt Brot und M\u00fcsli. Frisch gepresste S\u00e4fte statt Sojawurst oder &#8222;Fertigprodukt was aussieht wie Fleisch&#8220;. Lieber nen Rohkostteller statt glutenfreies Teilchen.<\/p>\n\n\n\n<p>Die anderen Dinge sind alles auch Antin\u00e4hrstoffe, die eurem K\u00f6rper schaden und Viren und Bakterien f\u00fcttern. Lasst sie lieber nach und nach weg.Gute Fette sind Oliven\u00f6l, Kokos\u00f6l, Lein\u00f6l, wobei ihr das Kokos\u00f6l als einziges zum Braten verwenden solltet.<\/p>\n","protected":false},"excerpt":{"rendered":"<p>hier erkl\u00e4re ich, warum glutenfrei, ohne Ei und so weiter. Ich habe die Erfahrung gemacht, dass mein Hashimoto, meine Darmprobleme und mein Hirnnebel besser wurden, [&#8230;]<\/p>\n","protected":false},"author":1,"featured_media":0,"parent":0,"menu_order":0,"comment_status":"closed","ping_status":"closed","template":"","meta":[],"_links":{"self":[{"href":"https:\/\/no-longer.de\/index.php?rest_route=\/wp\/v2\/pages\/59"}],"collection":[{"href":"https:\/\/no-longer.de\/index.php?rest_route=\/wp\/v2\/pages"}],"about":[{"href":"https:\/\/no-longer.de\/index.php?rest_route=\/wp\/v2\/types\/page"}],"author":[{"embeddable":true,"href":"https:\/\/no-longer.de\/index.php?rest_route=\/wp\/v2\/users\/1"}],"replies":[{"embeddable":true,"href":"https:\/\/no-longer.de\/index.php?rest_route=%2Fwp%2Fv2%2Fcomments&post=59"}],"version-history":[{"count":4,"href":"https:\/\/no-longer.de\/index.php?rest_route=\/wp\/v2\/pages\/59\/revisions"}],"predecessor-version":[{"id":146,"href":"https:\/\/no-longer.de\/index.php?rest_route=\/wp\/v2\/pages\/59\/revisions\/146"}],"wp:attachment":[{"href":"https:\/\/no-longer.de\/index.php?rest_route=%2Fwp%2Fv2%2Fmedia&parent=59"}],"curies":[{"name":"wp","href":"https:\/\/api.w.org\/{rel}","templated":true}]}}