{"id":61,"date":"2021-08-05T06:29:15","date_gmt":"2021-08-05T06:29:15","guid":{"rendered":"http:\/\/no-longer.de\/?page_id=61"},"modified":"2022-10-25T20:56:15","modified_gmt":"2022-10-25T18:56:15","slug":"spirituelle-aspekte","status":"publish","type":"page","link":"https:\/\/no-longer.de\/?page_id=61","title":{"rendered":"Spirituelle Aspekte &#038; Lekt\u00fcre"},"content":{"rendered":"\n<p>Diese Erkrankung hat mir einen Weg gezeigt, wie ich besser auf mich achten konnte und auch daf\u00fcr gesorgt, eine tiefere Verbindung zu meinem wahren Kern zu finden. <\/p>\n\n\n\n<p>Viele Gedanken bewegen uns, wenn wir ein postvirales Syndrom haben, manchmal direkt nach dem Aufstehen und wir m\u00fcssen damit zurecht kommen, dass es erstmal nicht so weiter geht wie bisher. Wir m\u00fcssen daher auf unsere Muster und Gedanken achten, um nicht zu verzweifeln. Denn das bringt uns \u00fcberhaupt nichts. Nur das Gegenteil von dem was wir wollen.<\/p>\n\n\n\n<p>Oft denken wir, dass wir einen Fehler gemacht haben oder aber selbst schuld seien, verzeihen uns nicht. Manchmal suchen wir auch nach Schuldigen, die f\u00fcr unsere Misere verantwortlich sind oder lagern die Verantwortung an \u00c4rzte aus. Beides bringt uns auf dem Heilungswege nicht voran. Sollten wir solche Gedanken hegen, beobachten wir sie am besten und ersetzen sie mit folgenden Sichtweisen. <\/p>\n\n\n\n<p>Eine chronische Erkrankung ist immer auch ein Wegweiser, manchmal ein Stopschild, manchmal eine Kreuzung und gibt uns Gelegenheit in unserem Leben gr\u00fcndlich aufzur\u00e4umen. Vielleicht hatten wir ja vorher schon jahrelang dauernd Frust und gesundheitliche Wehwehchen. Jetzt ist der Punkt da, an dem keine Ausrede mehr hilft jetzt liegen wir auf der Nase. Dann denkt man vielleicht. Wenn es mir besser geht fange ich an mein Leben zu \u00e4ndern. Nope. Jetzt. In kleinen aber konsequenten Schritten. Jetzt ist die Zeit alte Baustellen anzuschauen und zu bearbeiten. Vielleicht verursacht auch etwas in unserem Leben Dauerstress und wir sind mit etwas mega unzufrieden. Dann ist jetzt der Zeitpunkt es zu \u00e4ndern. <\/p>\n\n\n\n<p>Dazu m\u00fcssen wir wieder anfangen eine Verbindung zu unserem Herzen und einer h\u00f6heren Intelligenz herzustellen. Kleinere Meditationen und Achtsamkeit sind da ein guter Einstieg. Das unten verlinkte Buch von Tara Springett ist eine Anleitung, wie wir diese Verbindung wieder herstellen k\u00f6nnen. Wir k\u00f6nnen auch Schutzengel und Krafttiere rufen und um Hilfe bitten, wenn gar nichts mehr geht. Es klappt und man bekommt Hilfe, auch wenn es mir schwer fiel, das zu glauben.<\/p>\n\n\n\n<p>Wir lernen die richtigen Fragen zu stellen. Und zwar nicht &#8218;warum geht es mit so beschissen&#8216; sondern &#8218; was ist der n\u00e4chste Schritt zu Heilung&#8216; oder &#8218; wie sieht die beste Version von mir aus&#8216; oder &#8218; wie f\u00fchlt es sich an vollkommen gesund zu sein&#8216;. Wenn ihr mehr dar\u00fcber erfahren wollt, ich biete auch Coachings zu dem Thema an. Sprecht mich gerne an.<\/p>\n\n\n\n<p>Ich versuche, meine Erfahrungen und mein Wissen so verst\u00e4ndlich wie m\u00f6glich r\u00fcber zu bringen. Wer mehr wissen m\u00f6chte, dem empfehle ich, um ein tieferes Verst\u00e4ndnis von den Abl\u00e4ufen in unserem Unterbewusstseins, unserer Leber und unseres restlichen K\u00f6rpers zu gewinnen und auch um die Wirkungen dieser ganzen Lebensmittel und Vitalstoffe besser zu verstehen, die folgende Literatur:<\/p>\n\n\n\n<p>Um unsere Stressmuster aufzubrechen empfehle ich folgende Lekt\u00fcre:<\/p>\n\n\n\n<p><img decoding=\"async\" loading=\"lazy\" width=\"332\" height=\"486\" class=\"wp-image-174\" style=\"width: 240px;\" src=\"https:\/\/no-longer.de\/wp-content\/uploads\/2022\/02\/Download.jpeg\" alt=\"\" srcset=\"https:\/\/no-longer.de\/wp-content\/uploads\/2022\/02\/Download.jpeg 332w, https:\/\/no-longer.de\/wp-content\/uploads\/2022\/02\/Download-205x300.jpeg 205w\" sizes=\"(max-width: 332px) 100vw, 332px\" \/><\/p>\n\n\n\n<p><a href=\"https:\/\/www.reuffel.de\/detail\/ISBN-9783442336807\/Tolle-Eckhart\/Leben-im-Jetzt\">https:\/\/www.reuffel.de\/detail\/ISBN-9783442336807\/Tolle-Eckhart\/Leben-im-Jetzt<\/a><\/p>\n\n\n\n<p>Gesundheitliche und spirituelle Unterst\u00fctzung von Lebensmitteln:<\/p>\n\n\n\n<p><img decoding=\"async\" loading=\"lazy\" width=\"200\" height=\"265\" class=\"wp-image-172\" style=\"width: 240px;\" src=\"https:\/\/no-longer.de\/wp-content\/uploads\/2022\/02\/Medical-Food.jpg\" alt=\"\"><\/p>\n\n\n\n<p><a href=\"https:\/\/www.reuffel.de\/detail\/ISBN-9783442342259\/William-Anthony\/Medical-Food\">https:\/\/www.reuffel.de\/detail\/ISBN-9783442342259\/William-Anthony\/Medical-Food<\/a> <\/p>\n\n\n\n<figure class=\"wp-block-image size-large is-resized\"><img decoding=\"async\" loading=\"lazy\" src=\"https:\/\/no-longer.de\/wp-content\/uploads\/2022\/10\/cover-757x1024.jpeg\" alt=\"\" class=\"wp-image-383\" width=\"239\" height=\"322\" srcset=\"https:\/\/no-longer.de\/wp-content\/uploads\/2022\/10\/cover-757x1024.jpeg 757w, https:\/\/no-longer.de\/wp-content\/uploads\/2022\/10\/cover-222x300.jpeg 222w, https:\/\/no-longer.de\/wp-content\/uploads\/2022\/10\/cover-768x1038.jpeg 768w, https:\/\/no-longer.de\/wp-content\/uploads\/2022\/10\/cover.jpeg 1000w\" sizes=\"(max-width: 239px) 100vw, 239px\" \/><figcaption><a href=\"https:\/\/www.reuffel.de\/detail\/ISBN-9783442342518\/William-Anthony\/Heile-deine-Leber#r532265-0-536537:543122:332375\">https:\/\/www.reuffel.de\/detail\/ISBN-9783442342518\/William-Anthony\/Heile-deine-Leber#r532265-0-536537:543122:332375<\/a><\/figcaption><\/figure>\n\n\n\n<figure class=\"wp-block-image size-large is-resized\"><img decoding=\"async\" loading=\"lazy\" src=\"https:\/\/no-longer.de\/wp-content\/uploads\/2022\/10\/fullImage-759x1024.jpeg\" alt=\"\" class=\"wp-image-384\" width=\"240\" height=\"324\" srcset=\"https:\/\/no-longer.de\/wp-content\/uploads\/2022\/10\/fullImage-759x1024.jpeg 759w, https:\/\/no-longer.de\/wp-content\/uploads\/2022\/10\/fullImage-222x300.jpeg 222w, https:\/\/no-longer.de\/wp-content\/uploads\/2022\/10\/fullImage-768x1037.jpeg 768w, https:\/\/no-longer.de\/wp-content\/uploads\/2022\/10\/fullImage.jpeg 1000w\" sizes=\"(max-width: 240px) 100vw, 240px\" \/><figcaption><a href=\"https:\/\/www.reuffel.de\/detail\/ISBN-9783442342747\/William-Anthony\/Heile-dich-selbst#r532265-0-536537:543122:332375\">https:\/\/www.reuffel.de\/detail\/ISBN-9783442342747\/William-Anthony\/Heile-dich-selbst#r532265-0-536537:543122:332375<\/a><\/figcaption><\/figure>\n\n\n\n<p>Pflanzliche Urtinkturen <\/p>\n\n\n\n<p><img decoding=\"async\" loading=\"lazy\" width=\"200\" height=\"204\" class=\"wp-image-173\" style=\"width: 240px;\" src=\"https:\/\/no-longer.de\/wp-content\/uploads\/2022\/02\/Pflanzliche-Urtinkturen.jpg\" alt=\"\"><\/p>\n\n\n\n<p><a href=\"https:\/\/www.reuffel.de\/detail\/ISBN-9783038006015\/Kalbermatten-Roger\/Pflanzliche-Urtinkturen\">https:\/\/www.reuffel.de\/detail\/ISBN-9783038006015\/Kalbermatten-Roger\/Pflanzliche-Urtinkturen<\/a> <\/p>\n\n\n\n<p>Anleitung wie ich stressige Emotionen aufl\u00f6sen kann wie Wut, Trauer, Neid, Verzweiflung, chronische M\u00fcdigkeit Angst etc&#8230;:<\/p>\n\n\n\n<p><img decoding=\"async\" loading=\"lazy\" width=\"313\" height=\"500\" class=\"wp-image-177\" style=\"width: 240px;\" src=\"https:\/\/no-longer.de\/wp-content\/uploads\/2022\/02\/414jv4gceOL._AC_SY780_.jpg\" alt=\"\" srcset=\"https:\/\/no-longer.de\/wp-content\/uploads\/2022\/02\/414jv4gceOL._AC_SY780_.jpg 313w, https:\/\/no-longer.de\/wp-content\/uploads\/2022\/02\/414jv4gceOL._AC_SY780_-188x300.jpg 188w\" sizes=\"(max-width: 313px) 100vw, 313px\" \/><\/p>\n\n\n\n<p><a href=\"https:\/\/www.amazon.de\/dp\/1530086337\/ref=cm_sw_r_awdo_navT_g_PNBX2C09N865BM2DBJZ7\">https:\/\/www.amazon.de\/dp\/1530086337\/ref=cm_sw_r_awdo_navT_g_PNBX2C09N865BM2DBJZ7<\/a><\/p>\n","protected":false},"excerpt":{"rendered":"<p>Diese Erkrankung hat mir einen Weg gezeigt, wie ich besser auf mich achten konnte und auch daf\u00fcr gesorgt, eine tiefere Verbindung zu meinem wahren Kern [&#8230;]<\/p>\n","protected":false},"author":1,"featured_media":0,"parent":0,"menu_order":0,"comment_status":"closed","ping_status":"closed","template":"","meta":[],"_links":{"self":[{"href":"https:\/\/no-longer.de\/index.php?rest_route=\/wp\/v2\/pages\/61"}],"collection":[{"href":"https:\/\/no-longer.de\/index.php?rest_route=\/wp\/v2\/pages"}],"about":[{"href":"https:\/\/no-longer.de\/index.php?rest_route=\/wp\/v2\/types\/page"}],"author":[{"embeddable":true,"href":"https:\/\/no-longer.de\/index.php?rest_route=\/wp\/v2\/users\/1"}],"replies":[{"embeddable":true,"href":"https:\/\/no-longer.de\/index.php?rest_route=%2Fwp%2Fv2%2Fcomments&post=61"}],"version-history":[{"count":13,"href":"https:\/\/no-longer.de\/index.php?rest_route=\/wp\/v2\/pages\/61\/revisions"}],"predecessor-version":[{"id":387,"href":"https:\/\/no-longer.de\/index.php?rest_route=\/wp\/v2\/pages\/61\/revisions\/387"}],"wp:attachment":[{"href":"https:\/\/no-longer.de\/index.php?rest_route=%2Fwp%2Fv2%2Fmedia&parent=61"}],"curies":[{"name":"wp","href":"https:\/\/api.w.org\/{rel}","templated":true}]}}