{"id":63,"date":"2021-08-05T06:29:34","date_gmt":"2021-08-05T06:29:34","guid":{"rendered":"http:\/\/no-longer.de\/?page_id=63"},"modified":"2022-06-20T15:22:20","modified_gmt":"2022-06-20T15:22:20","slug":"ueber-mich","status":"publish","type":"page","link":"https:\/\/no-longer.de\/?page_id=63","title":{"rendered":"\u00dcber mich"},"content":{"rendered":"\n<figure class=\"is-layout-flex wp-block-gallery-1 wp-block-gallery has-nested-images columns-default is-cropped\">\n<figure class=\"wp-block-image size-large\"><img decoding=\"async\" loading=\"lazy\" width=\"706\" height=\"741\" data-id=\"251\"  src=\"https:\/\/no-longer.de\/wp-content\/uploads\/2022\/06\/PSX_20220613_212140-2.jpg\" alt=\"\" class=\"wp-image-251\" srcset=\"https:\/\/no-longer.de\/wp-content\/uploads\/2022\/06\/PSX_20220613_212140-2.jpg 706w, https:\/\/no-longer.de\/wp-content\/uploads\/2022\/06\/PSX_20220613_212140-2-286x300.jpg 286w\" sizes=\"(max-width: 706px) 100vw, 706px\" \/><\/figure>\n<\/figure>\n\n\n\n<p><\/p>\n\n\n\n<p><\/p>\n\n\n\n<p>Mein Name ist Tobi, bin Jahrgang 79, hab 2 Kinder, bin Dipl.Sozialp\u00e4dagoge, arbeite an einer Schule und ich habe vor einiger Zeit ein postvirales M\u00fcdigkeitssyndrom gehabt infolgedessen sich mein Darm entz\u00fcndet hat, eine Schilddr\u00fcsenerkrankung, Stimmungsschwankungen, Panikattacken, Nervenprobleme und viele andere Sachen entwickelt haben.<\/p>\n\n\n\n<p>Seit dem Tag an dem ich die hier im Blog genannten Dinge alle nach und nach umsetze, hat sich mein Zustand drastisch verbessert. Die Symptome verschwanden langsam. Allerdings war das kein leichter Weg. Die Mitmenschen k\u00f6nnen oft nicht verstehen, warum es nicht so einfach ist, wie sie es gelernt habe. Hast du was geh zum Arzt der hilft dir. Wenn der nix findet haste was am Kopp dann geh zum Psychologen.<\/p>\n\n\n\n<p>Wer schonmal so eine seltsame Erkrankung hatte, der wei\u00df wovon ich rede. Das Verst\u00e4ndnis im Umfeld ist oft gering, weil niemand so genau versteht was das Problem ist. <\/p>\n\n\n\n<p>Durch Post-Covid oder Long haulers oder wie sie genannt werden kommt das jetzt in einer Masse an die \u00d6ffentlichkeit, dass ein Achselzucken nicht mehr geht. Es m\u00fcssen L\u00f6sungen her. Vorher haben sich die Menschen eigene L\u00f6sungen suchen m\u00fcssen. Jetzt sucht vielleicht die Wissenschaft mal konsequent nach L\u00f6sungen auch wenn sie die Ursachen nicht kennen. <\/p>\n\n\n\n<p>Ich war da wo ihr wart. Ich kenne fast jedes Symptom was man haben kann durch EBV. Es wird wieder besser wenn ihr euer Leben mit den hier genannten Vorschl\u00e4gen \u00e4ndert. Ich kann euch nur ermutigen, es zu probieren. <\/p>\n\n\n\n<p>Vielleicht gibt es irgendwann ein Medikament, vielleicht nicht . Wer wei\u00df. Aber L\u00f6sungen gibt es jetzt schon. Erm\u00e4chtige dich selbst. Nimm es in die Hand. Du bist nicht allein und andere haben es geschafft. Schau lieber Heilungsberichte als nach Symptomen zu googlen. Flute deinen K\u00f6rper mit Licht, liebe dich selbst und f\u00fchre heilsame Gedanken und Nahrung zu. Hier sind einige Wege aufgezeigt, wie es geht.<\/p>\n","protected":false},"excerpt":{"rendered":"<p>Mein Name ist Tobi, bin Jahrgang 79, hab 2 Kinder, bin Dipl.Sozialp\u00e4dagoge, arbeite an einer Schule und ich habe vor einiger Zeit ein postvirales M\u00fcdigkeitssyndrom [&#8230;]<\/p>\n","protected":false},"author":1,"featured_media":0,"parent":0,"menu_order":0,"comment_status":"closed","ping_status":"closed","template":"","meta":[],"_links":{"self":[{"href":"https:\/\/no-longer.de\/index.php?rest_route=\/wp\/v2\/pages\/63"}],"collection":[{"href":"https:\/\/no-longer.de\/index.php?rest_route=\/wp\/v2\/pages"}],"about":[{"href":"https:\/\/no-longer.de\/index.php?rest_route=\/wp\/v2\/types\/page"}],"author":[{"embeddable":true,"href":"https:\/\/no-longer.de\/index.php?rest_route=\/wp\/v2\/users\/1"}],"replies":[{"embeddable":true,"href":"https:\/\/no-longer.de\/index.php?rest_route=%2Fwp%2Fv2%2Fcomments&post=63"}],"version-history":[{"count":7,"href":"https:\/\/no-longer.de\/index.php?rest_route=\/wp\/v2\/pages\/63\/revisions"}],"predecessor-version":[{"id":252,"href":"https:\/\/no-longer.de\/index.php?rest_route=\/wp\/v2\/pages\/63\/revisions\/252"}],"wp:attachment":[{"href":"https:\/\/no-longer.de\/index.php?rest_route=%2Fwp%2Fv2%2Fmedia&parent=63"}],"curies":[{"name":"wp","href":"https:\/\/api.w.org\/{rel}","templated":true}]}}