{"id":65,"date":"2021-08-05T06:32:39","date_gmt":"2021-08-05T06:32:39","guid":{"rendered":"http:\/\/no-longer.de\/?page_id=65"},"modified":"2023-03-10T20:46:37","modified_gmt":"2023-03-10T18:46:37","slug":"beruhigung-des-nervensystems","status":"publish","type":"page","link":"https:\/\/no-longer.de\/?page_id=65","title":{"rendered":"Beruhigung des Nervensystems"},"content":{"rendered":"\n<figure class=\"wp-block-image size-large\"><img decoding=\"async\" loading=\"lazy\" width=\"1024\" height=\"706\" src=\"https:\/\/no-longer.de\/wp-content\/uploads\/2021\/08\/meditation-1384758_1920-1024x706.jpg\" alt=\"\" class=\"wp-image-130\" srcset=\"https:\/\/no-longer.de\/wp-content\/uploads\/2021\/08\/meditation-1384758_1920-1024x706.jpg 1024w, https:\/\/no-longer.de\/wp-content\/uploads\/2021\/08\/meditation-1384758_1920-300x207.jpg 300w, https:\/\/no-longer.de\/wp-content\/uploads\/2021\/08\/meditation-1384758_1920-768x529.jpg 768w, https:\/\/no-longer.de\/wp-content\/uploads\/2021\/08\/meditation-1384758_1920-1536x1058.jpg 1536w, https:\/\/no-longer.de\/wp-content\/uploads\/2021\/08\/meditation-1384758_1920.jpg 1920w\" sizes=\"(max-width: 1024px) 100vw, 1024px\" \/><\/figure>\n\n\n\n<p>Im Schlaf repariert sich der K\u00f6rper, wenn eine gewisse Hirnwellenfrequenz vorherrscht. Beruhigende Thetawellen zum Beispiel. Diese heilenden Hirnwellen k\u00f6nnen wir durch Meditation und Atemtechniken selbst hervorrufen. Wir sind also so m\u00e4chtig dass wir durch gewisse Techniken unseren K\u00f6rper in einen Zustand versetzen k\u00f6nnen, dass er sich selbst repariert. Das ist ganz wichtig zu wissen und soll die Motivation sein, sich mit dem Thema Meditation auseinanderzusetzen. Es lohnt sich. Ich selbst habe erlebt, wie mein aufgeregtes System langsam ruhiger wurde und meine Symptome sich pl\u00f6tzlich besserten. <\/p>\n\n\n\n<p>Wir glauben immer noch, dass wenn wir uns schlecht f\u00fchlen oder krank sind irgendeine Pille oder etwas im Au\u00dfen ben\u00f6tigen, um wieder gesund zu werden, dabei haben wir den gr\u00f6\u00dften Heiler in uns. Unseren <strong>Vagusnerv<\/strong>. Den Steuern wir an, aktivieren ihn durch die <strong>Meditationen und Atemtechniken, durch positive Visualisierungen und Selbstliebe<\/strong>. Es ist unerl\u00e4sslich hier den gr\u00f6\u00dften Fokus zu setzen. Ashok Gupta hat ein wunderbar leicht anwendbares Programm entworfen und eine kostenlose App zur Verf\u00fcgung gestellt. &#8218;The meaning of Life experiment&#8216; Im App Store oder Playstore. Falls nicht dann hier herunterladen:<\/p>\n\n\n\n<p><a href=\"https:\/\/apkpure.com\/the-meaning-of-life-experiment\/com.baytreelabs.mol\">https:\/\/apkpure.com\/the-meaning-of-life-experiment\/com.baytreelabs.mol<\/a><\/p>\n\n\n\n<p>Auch ist es wichtig den <strong>Adrenalinteufelskreis<\/strong> zu <strong>unterbrechen<\/strong>. Also ein Symptom meldet sich und wir denken &#8218; Scheisse, was ist mir los, was passiert mit mir&#8216; und diese Gedanken f\u00fchren dann wiederum dazu, dass wir Adrenalin aussto\u00dfen und dieses Adrenalin den Heilungsprozess verhindert. Daher m\u00fcssen wir uns auch der Muster, die da ablaufen, bewusst werden und sie unterbrechen. Also sich bewusst beruhigen mit S\u00e4tzen wie <\/p>\n\n\n\n<p>&#8222;Es ist okay, es ist alles in Ordnung. Mein K\u00f6rper ist das Produkt aus Jahrmillionen von Evolution, er wei\u00df was er da tut'&#8220;<\/p>\n\n\n\n<p>oder &#8222;Alles gut. Ich bin nicht krank, sondern mein K\u00f6rper versucht alles um gesund zu werden. Ich unterst\u00fctze ihn dadurch, dass ich jetzt ruhig bleibe&#8220;<\/p>\n\n\n\n<p>Dann einen tiefen Atemzug, ein L\u00e4cheln ins Gesicht und langsam und ruhig wieder ausatmen. Das ist unglaublich wichtig, glaubt mir bitte. Sonst ist das ein sich-selbst-aufschaukelnder Prozess und das System beruhigt sich nicht. Bleibt dran. Es geht. Es dauert aber ein bisschen. Hier noch eine gef\u00fchrte Meditation von Ashok Gupta:<\/p>\n\n\n\n<figure class=\"wp-block-embed is-type-video is-provider-youtube wp-block-embed-youtube wp-embed-aspect-16-9 wp-has-aspect-ratio\"><div class=\"wp-block-embed__wrapper\">\n<iframe loading=\"lazy\" title=\"Acceptance &amp; Surrender Meditation In Healing From Chronic Conditions | Gupta Program |\" width=\"800\" height=\"450\" src=\"https:\/\/www.youtube.com\/embed\/elOOJQxb2Qg?feature=oembed\" frameborder=\"0\" allow=\"accelerometer; autoplay; clipboard-write; encrypted-media; gyroscope; picture-in-picture; web-share\" allowfullscreen><\/iframe>\n<\/div><\/figure>\n\n\n\n<p>Im Folgenden Video erkl\u00e4rt Ashok wie der Mechanismus im Gehirn immer wieder unser Immunsystem triggert. Zum Verst\u00e4ndnis gerne mal reinschauen:<\/p>\n\n\n\n<figure class=\"wp-block-embed is-type-video is-provider-youtube wp-block-embed-youtube wp-embed-aspect-16-9 wp-has-aspect-ratio\"><div class=\"wp-block-embed__wrapper\">\n<iframe loading=\"lazy\" title=\"How To Balance Our Immune System\" width=\"800\" height=\"450\" src=\"https:\/\/www.youtube.com\/embed\/kTqIPRWA-YQ?feature=oembed\" frameborder=\"0\" allow=\"accelerometer; autoplay; clipboard-write; encrypted-media; gyroscope; picture-in-picture; web-share\" allowfullscreen><\/iframe>\n<\/div><\/figure>\n\n\n\n<p>Ein zus\u00e4tzliches Instrument zur Beruhigung des ganzen Systems ist <strong>Jin Shin Jyutsu<\/strong>. Mit dieser Technik kann man wie in der TCM mit dem Halten von Energiepunkten am K\u00f6rper Ruhe und Entspannung erreichen. Hier lest ihr mehr dar\u00fcber. Zu empfehlen ist z.B. der Milzstrom und der Hauptzentralstrom. Damit fahrt ihr das ganze aufgeregte System auf ein normales Ma\u00df herunter und ihr schlaft besser und das Adrenalin sinkt.<\/p>\n\n\n\n<p><a rel=\"noreferrer noopener\" href=\"https:\/\/www.jinshinjyutsu.de\/de\/jin-shin-jyutsu\/praktische-anwendungen\/\" target=\"_blank\">https:\/\/www.jinshinjyutsu.de\/de\/jin-shin-jyutsu\/praktische-anwendungen\/<\/a><\/p>\n\n\n\n<p>Weitere Dinge, die dem <strong>Vagusnerv n\u00fctzen<\/strong> : <\/p>\n\n\n\n<ul>\n<li>Bodyscan \u00dcbungen, MBSR<\/li>\n\n\n\n<li>Gamma-amino-butters\u00e4ure (Gaba 200 mg) <\/li>\n\n\n\n<li>Zitronenmelisse <\/li>\n\n\n\n<li>Verzicht auf Nikotin, Alkohol und Koffein<\/li>\n\n\n\n<li>Stressmuster bearbeiten<\/li>\n\n\n\n<li>Traumata heilen (Therapie, Hypnose, Meditationstechniken)<\/li>\n\n\n\n<li>Tiefe Bauchatmung (der Vagusnerv ver\u00e4stelt im Bauchbereich und wird dadurch leicht gedehnt)<\/li>\n\n\n\n<li>Massagen<\/li>\n\n\n\n<li>Craniosakraltherapie, Osteopathie<\/li>\n\n\n\n<li>B Komplex und Magnesiumglycinat<\/li>\n\n\n\n<li>Qi Gong (z.b. die 8 Brokate)<\/li>\n\n\n\n<li>EFT<\/li>\n\n\n\n<li>Spazierg\u00e4nge im Wald, leichte Wanderungen<\/li>\n\n\n\n<li>Sonnenunterg\u00e4nge angucken<\/li>\n\n\n\n<li>Sternenhimmel und Mond anschauen <\/li>\n\n\n\n<li>Solfeggio Frequenzen h\u00f6ren (Spotify, YouTube etc)<\/li>\n<\/ul>\n\n\n\n<figure class=\"wp-block-embed is-type-video is-provider-youtube wp-block-embed-youtube wp-embed-aspect-16-9 wp-has-aspect-ratio\"><div class=\"wp-block-embed__wrapper\">\n<iframe loading=\"lazy\" title=\"Healing Sleep Music \u2605\ufe0e Boost Your Immune System \u2605\ufe0e Delta Waves Deep Sleep Music\" width=\"800\" height=\"450\" src=\"https:\/\/www.youtube.com\/embed\/KwM772f7_AI?feature=oembed\" frameborder=\"0\" allow=\"accelerometer; autoplay; clipboard-write; encrypted-media; gyroscope; picture-in-picture; web-share\" allowfullscreen><\/iframe>\n<\/div><figcaption class=\"wp-element-caption\">Kopfh\u00f6rer auf die Ohren (am besten &#8218;over ear&#8220;) und dann diese Frequenzen h\u00f6ren. Beruhigt sehr stark.<\/figcaption><\/figure>\n\n\n\n<p>Wenn ihr mich und meine Arbeit unterst\u00fctzen wollt, freue ich mich \u00fcber einen Wertsch\u00e4tzungsbeitrag. &#x1f642; Ihr helft mir damit auch dabei, mich zu diesem Thema professioneller aufzustellen und mehr in dieser Richtung zu machen.<\/p>\n\n\n\n<p><a href=\"https:\/\/paypal.me\/TEmschermann?locale.x=de_DE\">https:\/\/paypal.me\/TEmschermann?locale.x=de_DE<\/a><\/p>\n\n\n\n<figure class=\"wp-block-image size-large\"><img decoding=\"async\" loading=\"lazy\" width=\"1024\" height=\"1024\" src=\"https:\/\/no-longer.de\/wp-content\/uploads\/2021\/08\/thank-3148710_1280-1024x1024.png\" alt=\"\" class=\"wp-image-147\" srcset=\"https:\/\/no-longer.de\/wp-content\/uploads\/2021\/08\/thank-3148710_1280-1024x1024.png 1024w, https:\/\/no-longer.de\/wp-content\/uploads\/2021\/08\/thank-3148710_1280-300x300.png 300w, https:\/\/no-longer.de\/wp-content\/uploads\/2021\/08\/thank-3148710_1280-150x150.png 150w, https:\/\/no-longer.de\/wp-content\/uploads\/2021\/08\/thank-3148710_1280-768x768.png 768w, https:\/\/no-longer.de\/wp-content\/uploads\/2021\/08\/thank-3148710_1280-400x400.png 400w, https:\/\/no-longer.de\/wp-content\/uploads\/2021\/08\/thank-3148710_1280.png 1280w\" sizes=\"(max-width: 1024px) 100vw, 1024px\" \/><\/figure>\n","protected":false},"excerpt":{"rendered":"<p>Im Schlaf repariert sich der K\u00f6rper, wenn eine gewisse Hirnwellenfrequenz vorherrscht. Beruhigende Thetawellen zum Beispiel. Diese heilenden Hirnwellen k\u00f6nnen wir durch Meditation und Atemtechniken selbst [&#8230;]<\/p>\n","protected":false},"author":1,"featured_media":0,"parent":0,"menu_order":0,"comment_status":"closed","ping_status":"closed","template":"","meta":[],"_links":{"self":[{"href":"https:\/\/no-longer.de\/index.php?rest_route=\/wp\/v2\/pages\/65"}],"collection":[{"href":"https:\/\/no-longer.de\/index.php?rest_route=\/wp\/v2\/pages"}],"about":[{"href":"https:\/\/no-longer.de\/index.php?rest_route=\/wp\/v2\/types\/page"}],"author":[{"embeddable":true,"href":"https:\/\/no-longer.de\/index.php?rest_route=\/wp\/v2\/users\/1"}],"replies":[{"embeddable":true,"href":"https:\/\/no-longer.de\/index.php?rest_route=%2Fwp%2Fv2%2Fcomments&post=65"}],"version-history":[{"count":17,"href":"https:\/\/no-longer.de\/index.php?rest_route=\/wp\/v2\/pages\/65\/revisions"}],"predecessor-version":[{"id":495,"href":"https:\/\/no-longer.de\/index.php?rest_route=\/wp\/v2\/pages\/65\/revisions\/495"}],"wp:attachment":[{"href":"https:\/\/no-longer.de\/index.php?rest_route=%2Fwp%2Fv2%2Fmedia&parent=65"}],"curies":[{"name":"wp","href":"https:\/\/api.w.org\/{rel}","templated":true}]}}