{"id":70,"date":"2021-08-05T14:05:57","date_gmt":"2021-08-05T14:05:57","guid":{"rendered":"http:\/\/no-longer.de\/?page_id=70"},"modified":"2024-01-22T11:56:10","modified_gmt":"2024-01-22T09:56:10","slug":"supplements-2","status":"publish","type":"page","link":"https:\/\/no-longer.de\/?page_id=70","title":{"rendered":"Supplements"},"content":{"rendered":"\n<figure class=\"wp-block-image size-large\"><img decoding=\"async\" loading=\"lazy\" width=\"1024\" height=\"576\" src=\"https:\/\/no-longer.de\/wp-content\/uploads\/2021\/08\/vitamins-4179315_1920-1024x576.jpg\" alt=\"\" class=\"wp-image-114\" srcset=\"https:\/\/no-longer.de\/wp-content\/uploads\/2021\/08\/vitamins-4179315_1920-1024x576.jpg 1024w, https:\/\/no-longer.de\/wp-content\/uploads\/2021\/08\/vitamins-4179315_1920-300x169.jpg 300w, https:\/\/no-longer.de\/wp-content\/uploads\/2021\/08\/vitamins-4179315_1920-768x432.jpg 768w, https:\/\/no-longer.de\/wp-content\/uploads\/2021\/08\/vitamins-4179315_1920-1536x864.jpg 1536w, https:\/\/no-longer.de\/wp-content\/uploads\/2021\/08\/vitamins-4179315_1920.jpg 1920w\" sizes=\"(max-width: 1024px) 100vw, 1024px\" \/><\/figure>\n\n\n\n<p>Hier sind die wichtigsten Kr\u00e4utertinkturen und Supplements aufgelistet. Da ich immer wieder gefragt werde, welche die besten sind oder ich selbst benutze, habe ich mich entschieden, einige auch direkt zu verlinken. Ich achte darauf, dass keine ung\u00fcnstigen Zus\u00e4tze drin sind. Ihr k\u00f6nnt auch andere als die genannten kaufen oder selber machen. Achtet nur dann auf Reinheit und Qualit\u00e4t. Bei den verlinkten ist beides gegeben.<\/p>\n\n\n\n<p><strong>MSM<\/strong> ist die Abk\u00fcrzung von Methylsulfonylmethan und ist organischer Schwefel. Er tr\u00e4gt dazu bei, dass die Entgiftung im K\u00f6rper richtig funktioniert. Lest ein bisschen dar\u00fcber. Manchmal wird er auch bei Entz\u00fcndungen unterst\u00fctzend eingesetzt. 1-2 Gramm am Tag. Kann am Anfang zu starken Detox Reaktionen f\u00fchren daher einschleichen. Gibt&#8217;s bei eBay <a rel=\"noreferrer noopener\" href=\"https:\/\/www.ebay.de\/itm\/254245259901?mkcid=16&amp;mkevt=1&amp;mkrid=707-127634-2357-0&amp;ssspo=V7zIzOSvR-O&amp;sssrc=2349624&amp;ssuid=8cSNMStLTC-&amp;var=&amp;widget_ver=artemis&amp;media=COPY\" target=\"_blank\">hier<\/a><\/p>\n\n\n\n<p><strong>OPC<\/strong> ist Traubenkernextrakt. Er ist wirklich wichtig im Supp-Programm. Es macht unsere Blutgef\u00e4\u00dfe elastisch und verbessert die Durchblutung \u00fcberall im K\u00f6rper. Ihr findet Infos \u00fcberall. 800 mg am Tag. Gibt&#8217;s <a rel=\"noreferrer noopener\" href=\"https:\/\/www.ebay.de\/itm\/254356637843?mkcid=16&amp;mkevt=1&amp;mkrid=707-127634-2357-0&amp;ssspo=V7zIzOSvR-O&amp;sssrc=2349624&amp;ssuid=8cSNMStLTC-&amp;var=&amp;widget_ver=artemis&amp;media=COPY\" target=\"_blank\">hier<\/a><\/p>\n\n\n\n<p><strong>Lysin<\/strong> ist eine Aminos\u00e4ure also ein Eiwei\u00dfbaustein. Sie wirkt gut gegen diese St\u00f6renfriede, die uns das Leben schwer machen. 3 Gramm am Tag. Kann bis zu 10 Gramm dosiert werden. Gibt&#8217;s <a rel=\"noreferrer noopener\" href=\"https:\/\/www.ebay.de\/itm\/223804139355?mkcid=16&amp;mkevt=1&amp;mkrid=707-127634-2357-0&amp;ssspo=vnOoKJIMRPK&amp;sssrc=2349624&amp;ssuid=8cSNMStLTC-&amp;var=&amp;widget_ver=artemis&amp;media=COPY\" target=\"_blank\">hier<\/a><\/p>\n\n\n\n<p><strong>Kurkumin<\/strong> ist ein Wirkstoff in Kurkuma, der das Immunsystem st\u00e4rkt und gegen Entz\u00fcndungen eingesetzt wird. Gibt es im DM oder im Internet mit dieser NovaSol Technik gel\u00f6st in Mizellen. Kann somit sehr gut aufgenommen werden. Ich trinke zus\u00e4tzlich noch Goldene Milch. Sie ist sehr lecker und beinhaltet Kurkumapulver, Ingwer, Zimt, Galgant und Kokos\u00f6l. Im DM gibt&#8217;s das: <a rel=\"noreferrer noopener\" href=\"https:\/\/www.dm.de\/mivolis-premium-curcuma-kapseln-30-st-p4058172323676.html\" target=\"_blank\">Klick<\/a><\/p>\n\n\n\n<p> <strong>Spirulina<\/strong> ist eine Mikroalge. Sie st\u00e4rkt den K\u00f6rper, hat einen hohen Proteingehalt und entgiftet verschiedene Stoffe, die nicht in unseren K\u00f6rper geh\u00f6ren zb Metalle. Ebenso wirkt sie energetisierend. 3-4 Gramm am Tag.  Gibt&#8217;s <a rel=\"noreferrer noopener\" href=\"https:\/\/www.amazon.de\/Spirulina-Tabletten-Vitamin-nat%C3%BCrlich-versandkostenfrei\/dp\/B00DB24IZ2\/ref=mp_s_a_1_5?m=A21Q8ZA0JZPWX2&amp;qid=1653076332&amp;s=merchant-items&amp;sr=1-5\" target=\"_blank\">hier<\/a>  oder das Pulver f\u00fcr den Smoothie <a rel=\"noreferrer noopener\" href=\"https:\/\/www.kasimirlieselotte.de\/shop\/Spirulina-Pulver-Bio-kaufen?affiliateCode=Nolonger\" data-type=\"URL\" target=\"_blank\">hier<\/a> <\/p>\n\n\n\n<p><strong>Vitamin C<\/strong> ist der wichtigste Stoff f\u00fcr unser Immunsystem. Ich sehe zu dass ich auf 1 Gramm reines Vitamin C komme und ich benutze Acerola Extrakt. Also wenn 1 Kapsel Acerolaextrakt 200 gm Vitamin C enthalten dann nehme ich 5 St\u00fcck. Langsam steigern je nach Befinden. H\u00f6rt auf den K\u00f6rper. Gerne auch in Kombi mit Calciumascorbatkapseln (gepuffertes Vitamin C)  <a rel=\"noreferrer noopener\" href=\"https:\/\/www.ebay.de\/itm\/133969511885?mkcid=16&amp;mkevt=1&amp;mkrid=707-127634-2357-0&amp;ssspo=IMWzLyr6Tle&amp;sssrc=2349624&amp;ssuid=8cSNMStLTC-&amp;var=&amp;widget_ver=artemis&amp;media=COPY\" target=\"_blank\">Hier<\/a> und <a rel=\"noreferrer noopener\" href=\"https:\/\/www.ebay.de\/itm\/204128365766?mkcid=16&amp;mkevt=1&amp;mkrid=707-127634-2357-0&amp;ssspo=SIu3plhbRre&amp;sssrc=2349624&amp;ssuid=8cSNMStLTC-&amp;var=&amp;widget_ver=artemis&amp;media=COPY\" target=\"_blank\">Hier<\/a> <\/p>\n\n\n\n<p><strong>Gerstengrassaftpulver<\/strong>, kein Gerstengraspulver. Ich verlinke noch ein halbwegs bezahlbares gutes Pulver hier. Entgiftet, st\u00e4rkt das Immunsystem, reinigt den Darm. Ein Allrounder mit extrem hohen N\u00e4hrstoffgehalt  Gibt es g\u00fcnstig und gut hier: <a href=\"https:\/\/www.kasimirlieselotte.de\/shop\/Gerstengrassaft-Pulver-Bio-kaufen?affiliateCode=Nolonger\" target=\"_blank\" rel=\"noreferrer noopener\">Klick<\/a><\/p>\n\n\n\n<p><strong>Wilde Blaubeeren<\/strong>. Gut f\u00fcr den Darm, die Leber, die Nerven, das Gehirn und laut Anthony William entgiften sie auch den K\u00f6rper und das Gehirn.<div> Auch bei psychischen Symptomen super empfehlenswert. <\/div>Zur Schwermetallentgiftung die WH aus Kanada oder Maine (US) oder das Vimergy Pulver verwenden. Edeka:<\/p>\n\n\n\n<figure class=\"wp-block-image size-full\"><img decoding=\"async\" loading=\"lazy\" width=\"990\" height=\"990\" src=\"https:\/\/no-longer.de\/wp-content\/uploads\/2024\/01\/1000031103-1.png\" alt=\"\" class=\"wp-image-534\" srcset=\"https:\/\/no-longer.de\/wp-content\/uploads\/2024\/01\/1000031103-1.png 990w, https:\/\/no-longer.de\/wp-content\/uploads\/2024\/01\/1000031103-1-300x300.png 300w, https:\/\/no-longer.de\/wp-content\/uploads\/2024\/01\/1000031103-1-150x150.png 150w, https:\/\/no-longer.de\/wp-content\/uploads\/2024\/01\/1000031103-1-768x768.png 768w, https:\/\/no-longer.de\/wp-content\/uploads\/2024\/01\/1000031103-1-400x400.png 400w\" sizes=\"(max-width: 990px) 100vw, 990px\" \/><\/figure>\n\n\n\n<p><strong>Zitronenmelisse<\/strong> ist gut f\u00fcr das Nervensystems, den Darm und wirkt antiviral. Bestens geeignet f\u00fcr unsere Zwecke. als Tee oder Extrakt. Gut gegen EBV, Herpes ect. Gibt&#8217;s hier: <a rel=\"noreferrer noopener\" href=\"https:\/\/www.kasimirlieselotte.de\/shop\/Zitronenmelisse-Tinktur-Alkoholfrei-Bio-kaufen?affiliateCode=Nolonger\" target=\"_blank\">Klick<\/a> <\/p>\n\n\n\n<p><strong>Chaga<\/strong> ist ein Baumpilz, der besonders in Russland f\u00fcr seine antiviralen, antibakteriellen und antioxidativen Eigenschaften bekannt ist. Es gibt ganze B\u00fccher \u00fcber Chaga. Ihr k\u00f6nnt euch einen Tee von den Brocken kochen oder Extrakte in Kapseln kaufen. Das Pulver sollte man nicht einnehmen.  Hier k\u00f6nnt ihr etwas \u00fcber Chaga lesen. Im Netz finden sich auch Studien dazu. Wenn ihr eine g\u00fcnstige Quelle haben wollt, schreibt mich gerne an. Kaufe den kiloweise. Ansonsten hier als alkoholfreie Tinktur: <a rel=\"noreferrer noopener\" href=\"https:\/\/www.sunday.de\/chaga-extrakt-30-polysaccharide.html\" target=\"_blank\">Klick<\/a><\/p>\n\n\n\n<p><a href=\"https:\/\/www.medicalmedium.com\/blog\/chaga\">https:\/\/www.medicalmedium.com\/blog\/chaga<\/a><\/p>\n\n\n\n<p><strong>Cordyceps<\/strong> ist ein chinesischer Raupenpilz, der den ganzen K\u00f6rper st\u00e4rkt. Ein toller Heilpilz der gegen die M\u00fcdigkeit wirkt und die Mitochondrien st\u00e4rkt. Gibt&#8217;s hier: <a rel=\"noreferrer noopener\" href=\"https:\/\/www.kasimirlieselotte.de\/shop\/Cordyceps-Vitalpilz-Kapsel-Bio-kaufen?affiliateCode=Nolonger\" target=\"_blank\">Klick<\/a><\/p>\n\n\n\n<p>Fl\u00fcssiges <strong>Zinksulfat<\/strong> sorgt f\u00fcr einen ausgeglichenen S\u00e4ure Basenhaushalt und unterst\u00fctzt unser Immunsystem. Chronisch Erkrankte profitieren von einer Zinksupplementierung. Erst ein Tropfen&#8230;.dann zwei usw bis man bei etwa 10 Tropfen pro Tag ist. Gibt&#8217;s <a rel=\"noreferrer noopener\" href=\"https:\/\/www.ebay.de\/itm\/154406579081?mkcid=16&amp;mkevt=1&amp;mkrid=707-127634-2357-0&amp;ssspo=iFegkqZfTeC&amp;sssrc=2349624&amp;ssuid=8cSNMStLTC-&amp;var=&amp;widget_ver=artemis&amp;media=COPY\" target=\"_blank\">hier<\/a> <\/p>\n\n\n\n<p><strong>Katzenkralle<\/strong> wirkt antiviral, gut gegen Herpesviren und unterst\u00fctzt damit unser Immunsystem. Hier als alkoholfreie Tinktur: <a rel=\"noreferrer noopener\" href=\"https:\/\/www.kasimirlieselotte.de\/detail\/1cc2fdec046044d3bdd26a7d121201a2?affiliateCode=Nolonger\" target=\"_blank\">Klick<\/a><\/p>\n\n\n\n<p><strong>Monolaurin<\/strong> aus der Kokosnuss killt EBV.  Gibt&#8217;s sauber leider nur <a rel=\"noreferrer noopener\" href=\"https:\/\/amzn.eu\/d\/6L2Lh0X\" target=\"_blank\">hier<\/a><\/p>\n\n\n\n<p><strong>Ashwaghanda<\/strong> beruhigt und st\u00e4rkt ersch\u00f6pfte Nebennieren.  Gibt&#8217;s hier: <a rel=\"noreferrer noopener\" href=\"https:\/\/www.kasimirlieselotte.de\/shop\/Ashwagandha-Tinktur-Bio-kaufen?affiliateCode=Nolonger\" target=\"_blank\">Klick<\/a><\/p>\n\n\n\n<p><strong>S\u00fc\u00dfholzwurzelpulver<\/strong> wirkt antiviral. Eine Woche nehmen eine Woche Pause eine Woche nehmen. Unterst\u00fctzt auch die Nebennieren. Nicht abends nehmen und Vorsicht bei Bluthochdruck. Gibt&#8217;s als Tinktur hier: <a rel=\"noreferrer noopener\" href=\"https:\/\/www.kasimirlieselotte.de\/shop\/Suessholz-Tinktur-Alkoholfrei-Bio-kaufen?affiliateCode=Nolonger\" target=\"_blank\">Klick<\/a><\/p>\n\n\n\n<p><strong>Fl\u00fcssiges B12<\/strong> in Form von Methylcobalamin, Adenosylcobalamin und \/oder Hydroxocobalamim. Kein Cyancobalamin. 10 Tropfen am Tag. Gibt&#8217;s <a rel=\"noreferrer noopener\" href=\"https:\/\/www.ebay.de\/itm\/323388854901?mkcid=16&amp;mkevt=1&amp;mkrid=707-127634-2357-0&amp;ssspo=8lHqkpqyToC&amp;sssrc=2349624&amp;ssuid=8cSNMStLTC-&amp;var=&amp;widget_ver=artemis&amp;media=COPY\" target=\"_blank\">hier<\/a><\/p>\n\n\n\n<p><strong>Dulse<\/strong>, f\u00fcr den Heavy Metal Detox Smoothie. Guter Schwermetall Entgifter. Gibt&#8217;s <a rel=\"noreferrer noopener\" href=\"https:\/\/www.kasimirlieselotte.de\/shop\/Dulse-Flocken-Bio-kaufen?affiliateCode=Nolonger\" target=\"_blank\">hier<\/a> <\/p>\n\n\n\n<p>Es gibt einen Shop der sehr g\u00fcnstig die wichtigsten Mittel verkauft. Er ist entstanden aus einer Interessengemeinschaft, die zum Selbstkostenpreis diese Mittel herstellen und verkaufen wollten. Ich beziehe mein Zink und mein B12 und Vitamin C und auch das GGSP mittlerweile dort. <\/p>\n\n\n\n<p><a href=\"http:\/\/nems.ayur.in\">AW konforme Nems<\/a><\/p>\n\n\n\n<p>Weitere wichtige N\u00e4hrstoffe sind Magnesium, sowie ein ausgewogener B Komplex. Bei den B Komplexen sind die bioaktiven bzw coenzymatischen zu bevorzugen und bei Magnesium die Formen -bisglycinat und &#8211; threonat. Diese letztgenannten N\u00e4hrstoffe sind besonders gut f\u00fcr das Nervensystem sodass es sich erholen kann.<\/p>\n\n\n\n<p>Wichtig: Erst Vegetativum, dann Selleriesaft, dann die schlechten Nahrungsmittel weg, dann die Supplemente. Meiner Meinung nach die Wichtigkeit. Und: Eins nach dem anderen. Ich wei\u00df dass es sonst viel zu viel ist und man rumprobiert und schnell verzweifelt. Es dauert alles seine Zeit. <\/p>\n\n\n\n<p>Hier habe ich ein Video gemacht, in dem ich zeige, wie man ziemlich kosteng\u00fcnstig die fl\u00fcssigen Tinkturen herstellen kann, die wir f\u00fcr unsere Genesung brauchen.  Pro 100 ml Flasche kostet das nachher nur noch 1,50 \u20ac! Hier das Video:<\/p>\n\n\n\n<figure class=\"wp-block-embed is-type-video is-provider-youtube wp-block-embed-youtube wp-embed-aspect-16-9 wp-has-aspect-ratio\"><div class=\"wp-block-embed__wrapper\">\n<iframe loading=\"lazy\" title=\"Konforme Kr\u00e4utertinkturen selbst herstellen f\u00fcr 1,50\u20ac\/100ml\" width=\"800\" height=\"450\" src=\"https:\/\/www.youtube.com\/embed\/dJKBlSDRSjU?feature=oembed\" frameborder=\"0\" allow=\"accelerometer; autoplay; clipboard-write; encrypted-media; gyroscope; picture-in-picture; web-share\" allowfullscreen><\/iframe>\n<\/div><\/figure>\n","protected":false},"excerpt":{"rendered":"<p>Hier sind die wichtigsten Kr\u00e4utertinkturen und Supplements aufgelistet. Da ich immer wieder gefragt werde, welche die besten sind oder ich selbst benutze, habe ich mich [&#8230;]<\/p>\n","protected":false},"author":1,"featured_media":0,"parent":0,"menu_order":0,"comment_status":"closed","ping_status":"closed","template":"","meta":[],"_links":{"self":[{"href":"https:\/\/no-longer.de\/index.php?rest_route=\/wp\/v2\/pages\/70"}],"collection":[{"href":"https:\/\/no-longer.de\/index.php?rest_route=\/wp\/v2\/pages"}],"about":[{"href":"https:\/\/no-longer.de\/index.php?rest_route=\/wp\/v2\/types\/page"}],"author":[{"embeddable":true,"href":"https:\/\/no-longer.de\/index.php?rest_route=\/wp\/v2\/users\/1"}],"replies":[{"embeddable":true,"href":"https:\/\/no-longer.de\/index.php?rest_route=%2Fwp%2Fv2%2Fcomments&post=70"}],"version-history":[{"count":21,"href":"https:\/\/no-longer.de\/index.php?rest_route=\/wp\/v2\/pages\/70\/revisions"}],"predecessor-version":[{"id":537,"href":"https:\/\/no-longer.de\/index.php?rest_route=\/wp\/v2\/pages\/70\/revisions\/537"}],"wp:attachment":[{"href":"https:\/\/no-longer.de\/index.php?rest_route=%2Fwp%2Fv2%2Fmedia&parent=70"}],"curies":[{"name":"wp","href":"https:\/\/api.w.org\/{rel}","templated":true}]}}