{"id":87,"date":"2021-08-05T21:57:34","date_gmt":"2021-08-05T21:57:34","guid":{"rendered":"http:\/\/no-longer.de\/?page_id=87"},"modified":"2022-11-25T15:12:28","modified_gmt":"2022-11-25T13:12:28","slug":"ernaehrung","status":"publish","type":"page","link":"https:\/\/no-longer.de\/?page_id=87","title":{"rendered":"Ern\u00e4hrung"},"content":{"rendered":"\n<figure class=\"wp-block-image size-large\"><img decoding=\"async\" loading=\"lazy\" width=\"1024\" height=\"575\" src=\"https:\/\/no-longer.de\/wp-content\/uploads\/2021\/08\/smoothies-2253423_1920-1024x575.jpg\" alt=\"\" class=\"wp-image-36\" srcset=\"https:\/\/no-longer.de\/wp-content\/uploads\/2021\/08\/smoothies-2253423_1920-1024x575.jpg 1024w, https:\/\/no-longer.de\/wp-content\/uploads\/2021\/08\/smoothies-2253423_1920-300x169.jpg 300w, https:\/\/no-longer.de\/wp-content\/uploads\/2021\/08\/smoothies-2253423_1920-768x432.jpg 768w, https:\/\/no-longer.de\/wp-content\/uploads\/2021\/08\/smoothies-2253423_1920-1536x863.jpg 1536w, https:\/\/no-longer.de\/wp-content\/uploads\/2021\/08\/smoothies-2253423_1920.jpg 1920w\" sizes=\"(max-width: 1024px) 100vw, 1024px\" \/><\/figure>\n\n\n\n<p>Jeder wei\u00df, dass er sich gesund und abwechslungsreich ern\u00e4hren sollte um gesund zu bleiben. Was aber, wenn wir nicht gesund sind, sondern am postviralen Syndrom leiden. Der K\u00f6rper hat nicht wieder zur\u00fcck gefunden zu alter Kraft, er hat sich nicht erholt. Dann geht es mit normaler Ern\u00e4hrung leider nicht. Wir m\u00fcssen ihm helfen. Ihn fluten mit frischer lebendiger Nahrung, mit N\u00e4hrstoffen gezielt aushelfen. <\/p>\n\n\n\n<p>Ein paar Dinge m\u00f6chte ich aufz\u00e4hlen, die ich weggelassen habe, da diese Lebensmittel diese Viren, die wir raus haben wollen, f\u00fcttern, so dass sie sich bei uns wohl f\u00fchlen:<\/p>\n\n\n\n<p>Zucker, Chips, viel Fett, Eier (!!!), Gluten  also das meiste Getreide wie Weizen, Roggen, Dinkel, Mais, Raps\u00f6l, Schweinefleisch, Soja, Zusatzstoffe in Lebensmitteln wie Glutamat, Aroma (auch kein nat\u00fcrliches), Farbstoffe, Konservierungsstoffe und Milchprodukte (!!).<\/p>\n\n\n\n<p>Folgende Lebensmittel habe ich in meine Ern\u00e4hrung eingebaut und m\u00f6glichst oft verzehrt:<\/p>\n\n\n\n<figure class=\"wp-block-image size-large\"><img decoding=\"async\" loading=\"lazy\" width=\"1024\" height=\"678\" src=\"https:\/\/no-longer.de\/wp-content\/uploads\/2021\/08\/spices-1191945_1920-1024x678.jpg\" alt=\"\" class=\"wp-image-110\" srcset=\"https:\/\/no-longer.de\/wp-content\/uploads\/2021\/08\/spices-1191945_1920-1024x678.jpg 1024w, https:\/\/no-longer.de\/wp-content\/uploads\/2021\/08\/spices-1191945_1920-300x199.jpg 300w, https:\/\/no-longer.de\/wp-content\/uploads\/2021\/08\/spices-1191945_1920-768x508.jpg 768w, https:\/\/no-longer.de\/wp-content\/uploads\/2021\/08\/spices-1191945_1920-1536x1017.jpg 1536w, https:\/\/no-longer.de\/wp-content\/uploads\/2021\/08\/spices-1191945_1920.jpg 1920w\" sizes=\"(max-width: 1024px) 100vw, 1024px\" \/><\/figure>\n\n\n\n<p>Frisch gepresste S\u00e4fte, allen voran Staudensellerie Saft (Ziel sollte hier etwa 500 ml morgens auf n\u00fcchternen Magen sein), Ingwer, M\u00f6hren, Sprossen aller Arten (kauft ein Sprossenglas und zieht sie selber), Himbeeren, Wilde Blaubeeren, Brombeeren, Kurkuma, Rosmarin, Zwiebeln, Hirse, Kartoffeln, Brokkoli, Thymian, Zitronenmelisse, Gurken, Leinsamen, Chiasamen, Leinsamenprotein, Sonnenblumenprotein, das Wunderbr\u00f8t ohne Mehl und darauf pflanzliche Brotaufstriche, S\u00fc\u00dfkartoffeln, Blumenkohl, Petersilie, Schnittlauch, Zitronen, Orangen, Birnen. Eigentlich alle Sorten Gem\u00fcse. Kauft euch einen Mixer und einen Entsafter. Die Dinger benutze ich jeden Tag f\u00fcr Smoothies (zb. Himbeeren, glutenfreie Hafermilch, Dattelsirup, Sonnenblumenprotein) und S\u00e4fte (zb M\u00f6hren \u00c4pfel Ingwer und Zitronen) <\/p>\n\n\n\n<p>Falls ihr <strong>Selleriesaft<\/strong> nicht gut vertragt, k\u00f6nnt ihr mit einem Essl\u00f6ffel pro Tag beginnen und euch dann langsam hocharbeiten. Wenn es gar nicht geht dann k\u00f6nnt ihr auch Gurkensaft nehmen (2 Biogurken) und den erstmal einige Zeit nehmen, bevor ihr dann langsam den Sellerie da reinschleicht. <\/p>\n\n\n\n<p>Wenn es geschmacklich nicht geht (er schmeckt nicht besonders gut) dann macht einen Apfel dazu den ihr dann aber auch in den n\u00e4chsten Wochen ausschleicht.<\/p>\n\n\n\n<figure class=\"wp-block-image size-large\"><img decoding=\"async\" loading=\"lazy\" width=\"1024\" height=\"683\" src=\"https:\/\/no-longer.de\/wp-content\/uploads\/2021\/08\/green-juice-769129_1920-1024x683.jpg\" alt=\"\" class=\"wp-image-112\" srcset=\"https:\/\/no-longer.de\/wp-content\/uploads\/2021\/08\/green-juice-769129_1920-1024x683.jpg 1024w, https:\/\/no-longer.de\/wp-content\/uploads\/2021\/08\/green-juice-769129_1920-300x200.jpg 300w, https:\/\/no-longer.de\/wp-content\/uploads\/2021\/08\/green-juice-769129_1920-768x512.jpg 768w, https:\/\/no-longer.de\/wp-content\/uploads\/2021\/08\/green-juice-769129_1920-1536x1024.jpg 1536w, https:\/\/no-longer.de\/wp-content\/uploads\/2021\/08\/green-juice-769129_1920.jpg 1920w\" sizes=\"(max-width: 1024px) 100vw, 1024px\" \/><\/figure>\n\n\n\n<p>Ich habe schnell gemerkt, dass mir die Art der Ern\u00e4hrung extrem gut tut und mein K\u00f6rper langsam heilte.<\/p>\n\n\n\n<p>Weiterhin habe ich gemerkt, dass folgende Kr\u00e4uter als Tee oder Gew\u00fcrz genossen einen gro\u00dfen Einfluss auf unsere Gesundung haben:<\/p>\n\n\n\n<p>Zitronenmelisse, Pfefferminze, Thymian, Rosmarin, Oregano, L\u00f6wenzahn, Rotklee uvm. Sie alle k\u00f6nnen abwechseln oder t\u00e4glich als Tee oder wie auch immer konsumiert werden.<\/p>\n\n\n\n<p>Ich habe stets auf eine <strong>ausreichende Hydrierung<\/strong> geachtet. Viele Menschen sind chronisch dehydriert. Wenn das so ist k\u00f6nnen die Abfallprodukte nicht so gut entsorgt werden, daher empfiehlt es sich, am Tag viel lebendiges Wasser zu trinken, also Wasser dass von unseren Zellen gut aufgenommen wird. Um das zu erreichen kann man in (m\u00f6glichst gefiltertes) Wasser eine Scheibe Ingwer legen oder ne halbe Zitrone oder Orange pressen. Dazu noch den (Koch-)Salzkonsum reduzieren und viel frisches Obst essen. Damit erleichtern wir den K\u00f6rper die Genesung, weil wir gut hydriert sind. <\/p>\n\n\n\n<p><strong>Das Problem mit Fett<\/strong> : Wenn wir wollen dass unsere Leber die ganzen Toxine, Metalle, Virenschrott und so weiter m\u00f6glichst effizient entgiftet, sollten wir wissen, dass sobald wir Fett essen (egal ob pflanzlich oder tierisch, also auch N\u00fcsse Avocado usw), die Leber diesen Prozess der Entgiftung erstmal beendet und sich der dringenden Aufgabe der Emulsion und Verdauung dieser Fette widmen muss, dass nicht zuviel ins Blut gelangt. Sie produziert dann Gallens\u00e4fte und Enzyme und l\u00e4sst erstmal alles andere liegen. William r\u00e4t dazu, einen fettfreien Vormittag zu machen und erst mittags (wenn man es steigern will erst abends) fetthaltige Lebensmittel zu konsumieren. Damit tut man sich und seiner Genesung etwas Gutes. Wir brauchen diese Fette nicht, wie viele vermuten. Wir brauchen in erster Linie Glukose und Mineralsalze. Fette sind bei der Energiegewinnung eher hinderlich. Also kein Keto machen (Fett) und auch kein intermittierendes Fasten (Adrenalin). Beides im Genesungsprozess besser vermeiden. <\/p>\n\n\n\n<p>Hier eine tolle Seite mit gaaaanz vielen Alternativen zu den Dingen, die wir im Moment nicht essen sollten, die aber vielleicht bislang fester Bestandteil unserer Ern\u00e4hrung waren. Denn diese Ern\u00e4hrungsumstellung wirft viele Fragen auf.<\/p>\n\n\n\n<p><a href=\"https:\/\/heilsame-pfade.jimdofree.com\/2020\/03\/14\/alternativen-f%C3%BCr-sch%C3%A4dliche-nahrungsmittel-no-foods\/\">https:\/\/heilsame-pfade.jimdofree.com\/2020\/03\/14\/alternativen-f%C3%BCr-sch%C3%A4dliche-nahrungsmittel-no-foods\/<\/a><\/p>\n\n\n\n<p>Hier sind viele heilsame Lebensmittel nach Funktion gelistet und erkl\u00e4rt. Die B\u00fccher von ihm sind auch zu empfehlen.<\/p>\n\n\n\n<p><a href=\"https:\/\/www.medicalmedium.com\/medical-medium-blog-healing-foods.htm?page=2&amp;prop_ModuleId=1913\">https:\/\/www.medicalmedium.com\/medical-medium-blog-healing-foods.htm?page=2&amp;prop_ModuleId=1913<\/a><\/p>\n\n\n\n<p>Hier ist noch ein YouTuberin die eine Zusammenfassung f\u00fcr Einsteiger geschrieben hat. In der Infobox des Videos findet ihr die PDF. Auch die anderen Videos sind zu empfehlen, da Katja (so hei\u00dft sie) immer die aktuellen Podcasts von Anthony William auf deutsch \u00fcbersetzt.<\/p>\n\n\n\n<figure class=\"wp-block-embed is-type-video is-provider-youtube wp-block-embed-youtube wp-embed-aspect-16-9 wp-has-aspect-ratio\"><div class=\"wp-block-embed__wrapper\">\n<iframe loading=\"lazy\" title=\"Grundlagen der Medical Medium Ern\u00e4hrung - Ein Guide f\u00fcr Einsteiger\" width=\"800\" height=\"450\" src=\"https:\/\/www.youtube.com\/embed\/x3x83Sc-yzM?feature=oembed\" frameborder=\"0\" allow=\"accelerometer; autoplay; clipboard-write; encrypted-media; gyroscope; picture-in-picture\" allowfullscreen><\/iframe>\n<\/div><\/figure>\n\n\n\n<p>Wenn ihr mich und meine Arbeit unterst\u00fctzen wollt, freue ich mich \u00fcber einen Wertsch\u00e4tzungsbeitrag.&#x1f642; Ihr helft mir damit auch dabei, mich zu diesem Thema professioneller aufzustellen und mehr in dieser Richtung zu machen.<\/p>\n\n\n\n<p><a href=\"https:\/\/paypal.me\/TEmschermann?locale.x=de_DE\">https:\/\/paypal.me\/TEmschermann?locale.x=de_DE<\/a><\/p>\n\n\n\n<figure class=\"wp-block-image size-large\"><img decoding=\"async\" loading=\"lazy\" width=\"1024\" height=\"1024\" src=\"https:\/\/no-longer.de\/wp-content\/uploads\/2021\/08\/thank-3148710_1280-1024x1024.png\" alt=\"\" class=\"wp-image-147\" srcset=\"https:\/\/no-longer.de\/wp-content\/uploads\/2021\/08\/thank-3148710_1280-1024x1024.png 1024w, https:\/\/no-longer.de\/wp-content\/uploads\/2021\/08\/thank-3148710_1280-300x300.png 300w, https:\/\/no-longer.de\/wp-content\/uploads\/2021\/08\/thank-3148710_1280-150x150.png 150w, https:\/\/no-longer.de\/wp-content\/uploads\/2021\/08\/thank-3148710_1280-768x768.png 768w, https:\/\/no-longer.de\/wp-content\/uploads\/2021\/08\/thank-3148710_1280-400x400.png 400w, https:\/\/no-longer.de\/wp-content\/uploads\/2021\/08\/thank-3148710_1280.png 1280w\" sizes=\"(max-width: 1024px) 100vw, 1024px\" \/><\/figure>\n","protected":false},"excerpt":{"rendered":"<p>Jeder wei\u00df, dass er sich gesund und abwechslungsreich ern\u00e4hren sollte um gesund zu bleiben. Was aber, wenn wir nicht gesund sind, sondern am postviralen Syndrom [&#8230;]<\/p>\n","protected":false},"author":1,"featured_media":0,"parent":0,"menu_order":0,"comment_status":"closed","ping_status":"closed","template":"","meta":[],"_links":{"self":[{"href":"https:\/\/no-longer.de\/index.php?rest_route=\/wp\/v2\/pages\/87"}],"collection":[{"href":"https:\/\/no-longer.de\/index.php?rest_route=\/wp\/v2\/pages"}],"about":[{"href":"https:\/\/no-longer.de\/index.php?rest_route=\/wp\/v2\/types\/page"}],"author":[{"embeddable":true,"href":"https:\/\/no-longer.de\/index.php?rest_route=\/wp\/v2\/users\/1"}],"replies":[{"embeddable":true,"href":"https:\/\/no-longer.de\/index.php?rest_route=%2Fwp%2Fv2%2Fcomments&post=87"}],"version-history":[{"count":23,"href":"https:\/\/no-longer.de\/index.php?rest_route=\/wp\/v2\/pages\/87\/revisions"}],"predecessor-version":[{"id":463,"href":"https:\/\/no-longer.de\/index.php?rest_route=\/wp\/v2\/pages\/87\/revisions\/463"}],"wp:attachment":[{"href":"https:\/\/no-longer.de\/index.php?rest_route=%2Fwp%2Fv2%2Fmedia&parent=87"}],"curies":[{"name":"wp","href":"https:\/\/api.w.org\/{rel}","templated":true}]}}